{"id":17,"date":"2023-01-24T12:41:25","date_gmt":"2023-01-24T12:41:25","guid":{"rendered":"https:\/\/setitup625916.live-website.com\/?page_id=17"},"modified":"2025-09-01T07:45:09","modified_gmt":"2025-09-01T07:45:09","slug":"datenschutz","status":"publish","type":"page","link":"https:\/\/set-it-up.com\/es\/datenschutz","title":{"rendered":"Protecci\u00f3n de datos"},"content":{"rendered":"\n    <div\n      class=\"alignfull flex-block flex-block--blockID--4918\"\n      data-block-id=\"blockID--4918\" \n      id=\"flex-blockid--4918\"\n      \n    >\n    <style> @media only screen and (min-width: 768px) { .flex-block--blockID--4918 { --html-font-size: 1.25vw; --height:45em; --bg-color: var(--scheme_1--background--default); --margin-top: 0em; --margin-bottom: 0em; } } @media only screen and (max-width: 767px) { .flex-block--blockID--4918 { --html-font-size: 4.2666666666667vw; --height: 26.5em; --bg-color: var(--scheme_1--background--default); --margin-top: 0em; --margin-bottom: 0em; } } <\/style>\n    <div class=\"flex-block__main-container server-rendered\"><style> .flex-block__element--block-blockID--4918.flex-block__element--element_id_63883, .flex-element-animation-helper[data-id='element_id_63883'][data-block-id='blockID--4918'] { --el-width: 27.1875em; --el-width-tablet: 27.1875em; --el-height: 0.87912em; --el-height-tablet: 0.87912em; --el-actual-height: 0.87912em; --el-actual-height-tablet: 0.87912em; --position-top: 5em; --position-top-tablet: 5em; --position-left: 5.625em; --position-left-tablet: 5.625em; --rotateDeg: 0deg; --z-index: 2; --border-radius: 0px; --text-vertical-align: flex-start; --text-align: left; --el-height: auto; --el-paddings: 0em 0em; } @media only screen and (max-width: 767px) { .flex-block__element--block-blockID--4918.flex-block__element--element_id_63883, .flex-element-animation-helper[data-id='element_id_63883'][data-block-id='blockID--4918'] { --el-width: 19.6875em; --el-width-tablet: 19.6875em; --el-height: 0.87912em; --el-height-tablet: 0.87912em; --el-actual-height: 0.87912em; --el-actual-height-tablet: 0.87912em; --position-top: 2.8125em; --position-top-tablet: 2.8125em; --position-left: 1.875em; --position-left-tablet: 1.875em; --rotateDeg: 0deg; --z-index: 2; --border-radius: 0px; --text-vertical-align: flex-start; --text-align: left; --el-height: auto; --el-paddings: 0em 0em; } } \/*ANIMATION START*\/\/*ANIMATION END*\/ .flex-block__element--block-blockID--4918.flex-block__element--element_id_93705, .flex-element-animation-helper[data-id='element_id_93705'][data-block-id='blockID--4918'] { --el-width: 35.625em; --el-width-tablet: 35.625em; --el-height: 2.7299em; --el-height-tablet: 2.7299em; --el-actual-height: 2.7299em; --el-actual-height-tablet: 2.7299em; --position-top: 7.08929em; --position-top-tablet: 7.08929em; --position-left: 5.625em; --position-left-tablet: 5.625em; --rotateDeg: 0deg; --z-index: 3; --border-radius: 0px; --text-vertical-align: flex-start; --text-align: left; --el-height: auto; --el-paddings: 0em 0em; } @media only screen and (max-width: 767px) { .flex-block__element--block-blockID--4918.flex-block__element--element_id_93705, .flex-element-animation-helper[data-id='element_id_93705'][data-block-id='blockID--4918'] { --el-width: 19.6875em; --el-width-tablet: 19.6875em; --el-height: 4.90457em; --el-height-tablet: 4.90457em; --el-actual-height: 4.90457em; --el-actual-height-tablet: 4.90457em; --position-top: 5.0625em; --position-top-tablet: 5.0625em; --position-left: 1.875em; --position-left-tablet: 1.875em; --rotateDeg: 0deg; --z-index: 3; --border-radius: 0px; --text-vertical-align: flex-start; --text-align: left; --el-height: auto; --el-paddings: 0em 0em; } } \/*ANIMATION START*\/\/*ANIMATION END*\/\/*ANIMATION START*\/\/*ANIMATION END*\/ .flex-block__element--block-blockID--4918.flex-block__element--element_id_49224, .flex-element-animation-helper[data-id='element_id_49224'][data-block-id='blockID--4918'] { --el-width: 68.75em; --el-width-tablet: 68.75em; --el-height: 27.85714em; --el-height-tablet: 27.85714em; --el-actual-height: 27.85714em; --el-actual-height-tablet: 27.85714em; --position-top: 14.19643em; --position-top-tablet: 14.19643em; --position-left: 5.625em; --position-left-tablet: 5.625em; --rotateDeg: 0deg; --z-index: 1; opacity: 1;--border-radius: 0px; --object-size: cover; --object-position-x: 0%; --object-position-y: 47.137690747111%; } @media only screen and (max-width: 767px) { .flex-block__element--block-blockID--4918.flex-block__element--element_id_49224, .flex-element-animation-helper[data-id='element_id_49224'][data-block-id='blockID--4918'] { --el-width: 19.66532em; --el-width-tablet: 19.66532em; --el-height: 10.66359em; --el-height-tablet: 10.66359em; --el-actual-height: 10.66359em; --el-actual-height-tablet: 10.66359em; --position-top: 12.60242em; --position-top-tablet: 12.60242em; --position-left: 1.88582em; --position-left-tablet: 1.88582em; --rotateDeg: 0deg; --z-index: 1; opacity: 1;--border-radius: 0px; --object-size: cover; --object-position-x: 0%; --object-position-y: 18.821684148613%; } } \/*ANIMATION START*\/\/*ANIMATION END*\/<\/style>\n    <div class=\"flex-block__element flex-block__element--element_id_63883 flex-block__element--text  flex-block__element--block-blockID--4918  flex-block__element--editorTagsFix  flex-block__element--synced \" style=\"\">\n      <div data-font='second_level\/subtitle_1' class=\"flex-block__text-content  height-auto\">\n        <p><span style=\"color:var(--scheme_2--button--background--hover)\">MEINE WEBSEITE LAUTET: WWW.set-it-up.com<\/span><\/p>\n      <\/div>\n    <\/div>\n  <script data-element-id=\"flex-block__element--element_id_93705\" data-element-device=\"desktop\" type=\"text\/template\">\n    &lt;div class=&quot;flex-block__element flex-block__element--element_id_93705 flex-block__element--text  flex-block__element--block-blockID--4918  flex-block__element--editorTagsFix &quot; style=&quot;&quot;&gt;\n      &lt;div data-font=&#039;title_1\/large&#039; class=&quot;flex-block__text-content  height-auto&quot;&gt;\n        &lt;h2&gt;&lt;span style=&quot;color:var(--scheme_1--text--default)&quot;&gt;Datenschutzerkl&auml;rung&lt;\/span&gt;&lt;\/h2&gt;\n      &lt;\/div&gt;\n    &lt;\/div&gt;\n  <\/script><script data-element-id=\"flex-block__element--element_id_93705\" data-element-device=\"mobile\" type=\"text\/template\">\n    &lt;div class=&quot;flex-block__element flex-block__element--element_id_93705 flex-block__element--text  flex-block__element--block-blockID--4918  flex-block__element--editorTagsFix &quot; style=&quot;&quot;&gt;\n      &lt;div data-font=&#039;title_1\/large&#039; class=&quot;flex-block__text-content  height-auto&quot;&gt;\n        &lt;h2&gt;&lt;span style=&quot;color:var(--scheme_1--text--default)&quot;&gt;Datenschutz-erkl&auml;rung&lt;\/span&gt;&lt;\/h2&gt;\n      &lt;\/div&gt;\n    &lt;\/div&gt;\n  <\/script><div\n    class=\"flex-block__element flex-block__element--element_id_49224 flex-block__element--image    flex-block__element--block-blockID--4918   flex-block__element--synced \"\n    style=\"\n  \"><img class=\"flex-img-tag \" alt=\"\" sizes=\"(max-width: 767px) calc(19.665320253895 * 4.2666666666667vw), calc(68.75 * 1.25vw)\" data-srcset=\"https:\/\/set-it-up.com\/wp-content\/uploads\/2023\/02\/Bildschirmfoto-2023-02-03-um-17.54.10.png 1110w, https:\/\/set-it-up.com\/wp-content\/uploads\/2023\/02\/Bildschirmfoto-2023-02-03-um-17.54.10-169x300.png 169w, https:\/\/set-it-up.com\/wp-content\/uploads\/2023\/02\/Bildschirmfoto-2023-02-03-um-17.54.10-576x1024.png 576w, https:\/\/set-it-up.com\/wp-content\/uploads\/2023\/02\/Bildschirmfoto-2023-02-03-um-17.54.10-768x1366.png 768w, https:\/\/set-it-up.com\/wp-content\/uploads\/2023\/02\/Bildschirmfoto-2023-02-03-um-17.54.10-864x1536.png 864w\"  data-src=\"https:\/\/set-it-up.com\/wp-content\/uploads\/2023\/02\/Bildschirmfoto-2023-02-03-um-17.54.10.png\" \/><\/div><\/div><\/div>\n\n\n<h3 class=\"wp-block-heading\">PERS\u00d6NLICHE DATEN<\/h3>\n\n\n\n<p>Pers\u00f6nliche Daten, die Sie auf dieser Website elektronisch \u00fcbermitteln, wie zum Beispiel Name, E-Mail-Adresse, Adresse oder andere pers\u00f6nlichen Angaben, werden von mir nur zum jeweils angegebenen Zweck verwendet, sicher verwahrt und nicht an Dritte weitergegeben. Der Provider erhebt und speichert automatisch Informationen am Webserver wie verwendeter Browser, Betriebssystem, Verweisseite, IP-Adresse, Uhrzeit des Zugriffs usw. Diese Daten k\u00f6nnen ohne Pr\u00fcfung weiterer Datenquellen keinen bestimmten Personen zugeordnet werden und wir werten diese Daten auch nicht weiter aus solange keine rechtswidrige Nutzung unserer Webseite vorliegt.<\/p>\n\n\n\n<div style=\"height:50px\" aria-hidden=\"true\" class=\"wp-block-spacer\"><\/div>\n\n\n\n<h3 class=\"wp-block-heading\">KONTAKTFORMULAR<\/h3>\n\n\n\n<p>Wenn Sie mir per Kontaktformular Anfragen zukommen lassen, werden Ihre Angaben aus dem Anfrageformular inklusive der von Ihnen dort angegebenen Kontaktdaten zwecks Bearbeitung der Anfrage und f\u00fcr den Fall von Anschlussfragen bei mir gespeichert. Diese Daten gebe ich nicht ohne Ihre Einwilligung weiter.<\/p>\n\n\n\n<div style=\"height:49px\" aria-hidden=\"true\" class=\"wp-block-spacer\"><\/div>\n\n\n\n<h3 class=\"wp-block-heading\">COOKIES<\/h3>\n\n\n\n<p>Die Internetseiten verwenden teilweise so genannte Cookies. Cookies richten auf Ihrem Rechner keinen Schaden an und enthalten keine Viren. Cookies dienen dazu, unser Angebot nutzerfreundlicher, effektiver und sicherer zu machen. Cookies sind kleine Textdateien, die auf Ihrem Rechner abgelegt werden und die Ihr Browser speichert.<\/p>\n\n\n\n<p>Die meisten der von mir verwendeten Cookies sind so genannte \u201eSession-Cookies\u201c. Sie werden nach Ende Ihres Besuchs automatisch gel\u00f6scht. Andere Cookies bleiben auf Ihrem Endger\u00e4t gespeichert, bis Sie diese l\u00f6schen. Diese Cookies erm\u00f6glichen es mir, Ihren Browser beim n\u00e4chsten Besuch wiederzuerkennen.<\/p>\n\n\n\n<p>Sie k\u00f6nnen Ihren Browser so einstellen, dass Sie \u00fcber das Setzen von Cookies informiert werden und Cookies nur im Einzelfall erlauben, die Annahme von Cookies f\u00fcr bestimmte F\u00e4lle oder generell ausschlie\u00dfen sowie das automatische L\u00f6schen der Cookies beim Schlie\u00dfen des Browser aktivieren. Bei der Deaktivierung von Cookies kann die Funktionalit\u00e4t dieser Website eingeschr\u00e4nkt sein.<\/p>\n\n\n\n<h3 class=\"wp-block-heading\">&nbsp;<\/h3>\n\n\n\n<h3 class=\"wp-block-heading\">DATENSCHUTZERKL\u00c4RUNG F\u00dcR DIE NUTZUNG VON GOOGLE ANALYTICS<\/h3>\n\n\n\n<p>Diese Website benutzt Google Analytics, einen Webanalysedienst der Google Inc. (\u201eGoogle\u201c). Google Analytics verwendet sog. \u201eCookies\u201c, Textdateien, die auf Ihrem Computer gespeichert werden und die eine Analyse der Benutzung der Website durch Sie erm\u00f6glichen. Die durch den Cookie erzeugten Informationen \u00fcber Ihre Benutzung dieser Website werden in der Regel an einen Server von Google in den USA \u00fcbertragen und dort gespeichert. Im Falle der Aktivierung der IP-Anonymisierung auf dieser Webseite, wird Ihre IP-Adresse von Google jedoch innerhalb von Mitgliedstaaten der Europ\u00e4ischen Union oder in anderen Vertragsstaaten des Abkommens \u00fcber den Europ\u00e4ischen Wirtschaftsraum zuvor gek\u00fcrzt. Nur in Ausnahmef\u00e4llen wird die volle IP-Adresse an einen Server von Google in den USA \u00fcbertragen und dort gek\u00fcrzt. Im Auftrag des Betreibers dieser Website wird Google diese Informationen benutzen, um Ihre Nutzung der Website auszuwerten, um Reports \u00fcber die Websiteaktivit\u00e4ten zusammenzustellen und um weitere mit der Websitenutzung und der Internetnutzung verbundene Dienstleistungen gegen\u00fcber dem Websitebetreiber zu erbringen. Die im Rahmen von Google Analytics von Ihrem Browser \u00fcbermittelte IP-Adresse wird nicht mit anderen Daten von Google zusammengef\u00fchrt. Sie k\u00f6nnen die Speicherung der Cookies durch eine entsprechende Einstellung Ihrer Browser-Software verhindern; wir weisen Sie jedoch darauf hin, dass Sie in diesem Fall gegebenenfalls nicht s\u00e4mtliche Funktionen dieser Website vollumf\u00e4nglich werden nutzen k\u00f6nnen. Sie k\u00f6nnen dar\u00fcber hinaus die Erfassung der durch das Cookie erzeugten und auf Ihre Nutzung der Website bezogenen Daten (inkl. Ihrer IP-Adresse) an Google sowie die Verarbeitung dieser Daten durch Google verhindern, indem sie das unter dem folgenden Link (<a href=\"http:\/\/tools.google.com\/dlpage\/gaoptout?hl=de\" target=\"_blank\" rel=\"noreferrer noopener\">HTTP:\/\/TOOLS.GOOGLE.COM\/DLPAGE\/GAOPTOUT?HL=DE<\/a>) verf\u00fcgbare Browser-Plugin herunterladen und installieren.<\/p>\n\n\n\n<p>N\u00e4here Informationen zu Nutzungsbedingungen und Datenschutz finden Sie unter&nbsp;<a href=\"http:\/\/www.google.com\/analytics\/terms\/de.html\" target=\"_blank\" rel=\"noreferrer noopener\">HTTP:\/\/WWW.GOOGLE.COM\/ANALYTICS\/TERMS\/DE.HTML<\/a>&nbsp;bzw. unter&nbsp;<a href=\"https:\/\/support.google.com\/analytics\/answer\/6004245?hl=de\" target=\"_blank\" rel=\"noreferrer noopener\">HTTPS:\/\/SUPPORT.GOOGLE.COM\/ANALYTICS\/ANSWER\/6004245?HL=DE<\/a>. Wir weisen Sie darauf hin, dass auf dieser Webseite Google Analytics um den Code \u201egat._anonymizeIp();\u201c erweitert wurde, um eine anonymisierte Erfassung von IP-Adressen (sog. IP-Masking) zu gew\u00e4hrleisten.<\/p>\n\n\n\n<p><\/p>\n\n\n\n<h3 class=\"wp-block-heading\">DATENSCHUTZERKL\u00c4RUNG F\u00dcR DIE NUTZUNG VON PINTEREST<\/h3>\n\n\n\n<p>Auf meiner Webseite verwenden wir Social Plugins des sozialen Netzwerks Pinterest, das von der Pinterest Inc., 635 High Street, Palo Alto, CA, 94301, USA (\u201ePinterest\u201c) betrieben wird. Wenn Sie eine Seite aufrufen die ein solches Plugin enth\u00e4lt, stellt Ihr Browser eine direkte Verbindung zu den Servern von Pinterest her. Das Plugin \u00fcbermittelt dabei Daten an den Server von Pinterest. Diese Daten enthalten m\u00f6glicherweise Ihre IP-Adresse, die Adresse der besuchten Websites, die ebenfalls Pinterest-Funktionen enthalten, Art und Einstellungen des Browsers, Datum und Zeitpunkt der Anfrage, Ihre Verwendungsweise von Pinterest sowie Cookies.<\/p>\n\n\n\n<p>Weitere Informationen zu Zweck, Umfang und weiterer Verarbeitung und Nutzung der Daten durch Pinterest sowie Ihre diesbez\u00fcglichen Rechte und M\u00f6glichkeiten zum Schutz Ihrer Privatsph\u00e4re finden Sie in den Datenschutzrichtlinien von Pinterest:<\/p>\n\n\n\n<p><a href=\"HTTPS:\/\/ABOUT.PINTEREST.COM\/DE\/PRIVACY-POLICY.\" target=\"_blank\" rel=\"noopener\">HTTPS:\/\/ABOUT.PINTEREST.COM\/DE\/PRIVACY-POLICY.<\/a><\/p>\n\n\n\n<h3 class=\"wp-block-heading\">&nbsp;<\/h3>\n\n\n\n<h3 class=\"wp-block-heading\">DATENSCHUTZERKL\u00c4RUNG F\u00dcR DIE NUTZUNG VON INSTAGRAM<\/h3>\n\n\n\n<p>Auf meiner Webseite sind Funktionen des Dienstes Instagram eingebunden. Diese Funktionen werden angeboten durch die Instagram Inc., 1601 Willow Road, Menlo Park, CA, 94025, USA integriert. Wenn Sie in Ihren Instagram-Account eingeloggt sind, k\u00f6nnen Sie durch Anklicken des Instagram-Buttons die Inhalte unserer Seiten mit Ihrem Instagram-Profil verlinken. Dadurch kann Instagram den Besuch unserer Seiten Ihrem Benutzerkonto zuordnen. Wir weisen darauf hin, dass wir als Anbieter der Seiten keine Kenntnis vom Inhalt der \u00fcbermittelten Daten sowie deren Nutzung durch Instagram erhalten.<br>Weitere Informationen hierzu finden Sie in der Datenschutzerkl\u00e4rung von Instagram auf&nbsp;<a href=\"https:\/\/www.instagram.com\/about\/legal\/privacy\/\" target=\"_blank\" rel=\"noreferrer noopener\">HTTPS:\/\/WWW.INSTAGRAM.COM\/ABOUT\/LEGAL\/PRIVACY\/<\/a>.<\/p>\n\n\n\n<h3 class=\"wp-block-heading\">&nbsp;<\/h3>\n\n\n\n<h3 class=\"wp-block-heading\">VERARBEITEN VON DATEN (KUNDEN- UND VERTRAGSDATEN)<\/h3>\n\n\n\n<p>Ich erhebe, verarbeite und nutze personenbezogene Daten nur, soweit sie f\u00fcr die Begr\u00fcndung, inhaltliche Ausgestaltung oder \u00c4nderung des Rechtsverh\u00e4ltnisses erforderlich sind (Bestandsdaten). Personenbezogene Daten \u00fcber die Inanspruchnahme unserer Internetseiten (Nutzungsdaten) erhebe, verarbeite und nutze ich nur, soweit dies erforderlich ist, um dem Nutzer die Inanspruchnahme des Dienstes zu erm\u00f6glichen oder abzurechnen.<\/p>\n\n\n\n<h3 class=\"wp-block-heading\">&nbsp;<\/h3>\n\n\n\n<h3 class=\"wp-block-heading\">RECHT AUF AUSKUNFT, L\u00d6SCHUNG, SPERRUNG<\/h3>\n\n\n\n<p>Sie haben jederzeit das Recht auf unentgeltliche Auskunft \u00fcber Ihre gespeicherten personenbezogenen Daten, deren Herkunft und Empf\u00e4nger und den Zweck der Datenverarbeitung sowie ein Recht auf Berichtigung, Sperrung oder L\u00f6schung dieser Daten. Hierzu sowie zu weiteren Fragen zum Thema personenbezogene Daten k\u00f6nnen Sie sich jederzeit unter der im Impressum angegebenen Adresse an mich wenden.<\/p>\n\n\n\n<p><\/p>\n\n\n\n<div style=\"height:214px\" aria-hidden=\"true\" class=\"wp-block-spacer\"><\/div>\n","protected":false},"excerpt":{"rendered":"<p>PERS\u00d6NLICHE DATEN Pers\u00f6nliche Daten, die Sie auf dieser Website elektronisch \u00fcbermitteln, wie zum Beispiel Name, E-Mail-Adresse, Adresse oder andere pers\u00f6nlichen Angaben, werden von mir nur zum jeweils angegebenen Zweck verwendet,&#8230;<\/p>","protected":false},"author":1,"featured_media":0,"parent":0,"menu_order":0,"comment_status":"closed","ping_status":"closed","template":"","meta":{"footnotes":""},"class_list":["post-17","page","type-page","status-publish","hentry"],"fbg_featured_image_src":{"full":false,"thumbnail":false,"medium":false,"medium_large":false,"large":false,"1536x1536":false,"2048x2048":false,"trp-custom-language-flag":false},"fbg_excerpt":"PERS\u00d6NLICHE DATEN Pers\u00f6nliche Daten, die Sie auf dieser Website elektronisch \u00fcbermitteln, wie zum Beispiel Name, E-Mail-Adresse, Adresse oder andere pers\u00f6nlichen Angaben, werden von mir nur zum jeweils angegebenen Zweck verwendet,...","_links":{"self":[{"href":"https:\/\/set-it-up.com\/es\/wp-json\/wp\/v2\/pages\/17","targetHints":{"allow":["GET"]}}],"collection":[{"href":"https:\/\/set-it-up.com\/es\/wp-json\/wp\/v2\/pages"}],"about":[{"href":"https:\/\/set-it-up.com\/es\/wp-json\/wp\/v2\/types\/page"}],"author":[{"embeddable":true,"href":"https:\/\/set-it-up.com\/es\/wp-json\/wp\/v2\/users\/1"}],"replies":[{"embeddable":true,"href":"https:\/\/set-it-up.com\/es\/wp-json\/wp\/v2\/comments?post=17"}],"version-history":[{"count":7,"href":"https:\/\/set-it-up.com\/es\/wp-json\/wp\/v2\/pages\/17\/revisions"}],"predecessor-version":[{"id":1040,"href":"https:\/\/set-it-up.com\/es\/wp-json\/wp\/v2\/pages\/17\/revisions\/1040"}],"wp:attachment":[{"href":"https:\/\/set-it-up.com\/es\/wp-json\/wp\/v2\/media?parent=17"}],"curies":[{"name":"wp","href":"https:\/\/api.w.org\/{rel}","templated":true}]}}