{"id":15,"date":"2023-01-24T12:40:49","date_gmt":"2023-01-24T12:40:49","guid":{"rendered":"https:\/\/setitup625916.live-website.com\/?page_id=15"},"modified":"2025-09-01T07:44:19","modified_gmt":"2025-09-01T07:44:19","slug":"impressum","status":"publish","type":"page","link":"https:\/\/set-it-up.com\/es\/impressum","title":{"rendered":"Aviso legal"},"content":{"rendered":"\n    <div\n      class=\"alignfull flex-block flex-block--blockID--71b8\"\n      data-block-id=\"blockID--71b8\" \n      id=\"flex-blockid--71b8\"\n      \n    >\n    <style> @media only screen and (min-width: 768px) { .flex-block--blockID--71b8 { --html-font-size: 1.25vw; --height:55.5em; --bg-color: var(--scheme_1--background--default); --margin-top: 0em; --margin-bottom: 0em; } } @media only screen and (max-width: 767px) { .flex-block--blockID--71b8 { --html-font-size: 4.2666666666667vw; --height: 62.74146905725853em; --bg-color: var(--scheme_1--background--default); --margin-top: 0em; --margin-bottom: 0em; } } <\/style>\n    <div class=\"flex-block__main-container server-rendered\"><style> .flex-block__element--block-blockID--71b8.flex-block__element--element_id_74448, .flex-element-animation-helper[data-id='element_id_74448'][data-block-id='blockID--71b8'] { --el-width: 32.99107em; --el-width-tablet: 32.99107em; --el-height: 43.79464em; --el-height-tablet: 43.79464em; --el-actual-height: 43.79464em; --el-actual-height-tablet: 43.79464em; --position-top: 3.52679em; --position-top-tablet: 3.52679em; --position-left: 0em; --position-left-tablet: 0em; --rotateDeg: 0deg; --z-index: 4; opacity: 1;--border-radius: 0px; --object-size: cover; --object-position-x: 50%; --object-position-y: 50%; } @media only screen and (max-width: 767px) { .flex-block__element--block-blockID--71b8.flex-block__element--element_id_74448, .flex-element-animation-helper[data-id='element_id_74448'][data-block-id='blockID--71b8'] { --el-width: 23.52679em; --el-width-tablet: 23.52679em; --el-height: 16.51786em; --el-height-tablet: 16.51786em; --el-actual-height: 16.51786em; --el-actual-height-tablet: 16.51786em; --position-top: 0em; --position-top-tablet: 0em; --position-left: 0em; --position-left-tablet: 0em; --rotateDeg: 0deg; --z-index: 4; opacity: 1;--border-radius: 0px; --object-size: cover; --object-position-x: 50%; --object-position-y: 50%; } } \/*ANIMATION START*\/\/*ANIMATION END*\/ .flex-block__element--block-blockID--71b8.flex-block__element--element_id_71479, .flex-element-animation-helper[data-id='element_id_71479'][data-block-id='blockID--71b8'] { --el-width: 27.1875em; --el-width-tablet: 27.1875em; --el-height: 2.74985em; --el-height-tablet: 2.74985em; --el-actual-height: 2.74985em; --el-actual-height-tablet: 2.74985em; --position-top: 5.625em; --position-top-tablet: 5.625em; --position-left: 41.20536em; --position-left-tablet: 41.20536em; --rotateDeg: 0deg; --z-index: 2; --border-radius: 0px; --text-vertical-align: flex-start; --text-align: left; --el-height: auto; --el-paddings: 0em 0em; } @media only screen and (max-width: 767px) { .flex-block__element--block-blockID--71b8.flex-block__element--element_id_71479, .flex-element-animation-helper[data-id='element_id_71479'][data-block-id='blockID--71b8'] { --el-width: 19.10714em; --el-width-tablet: 19.10714em; --el-height: 2.47487em; --el-height-tablet: 2.47487em; --el-actual-height: 2.47487em; --el-actual-height-tablet: 2.47487em; --position-top: 20.89286em; --position-top-tablet: 20.89286em; --position-left: 2.45536em; --position-left-tablet: 2.45536em; --rotateDeg: 0deg; --z-index: 2; --border-radius: 0px; --text-vertical-align: flex-start; --text-align: left; --el-height: auto; --el-paddings: 0em 0em; } } \/*ANIMATION START*\/\/*ANIMATION END*\/ .flex-block__element--block-blockID--71b8.flex-block__element--element_id_67014, .flex-element-animation-helper[data-id='element_id_67014'][data-block-id='blockID--71b8'] { --el-width: 25.80357em; --el-width-tablet: 25.80357em; --el-height: 30.38661em; --el-height-tablet: 30.38661em; --el-actual-height: 30.38661em; --el-actual-height-tablet: 30.38661em; --position-top: 12.63393em; --position-top-tablet: 12.63393em; --position-left: 41.20536em; --position-left-tablet: 41.20536em; --rotateDeg: 0deg; --z-index: 1; --border-radius: 0px; --text-vertical-align: flex-start; --text-align: left; --el-height: auto; --el-paddings: 0em 0em; } @media only screen and (max-width: 767px) { .flex-block__element--block-blockID--71b8.flex-block__element--element_id_67014, .flex-element-animation-helper[data-id='element_id_67014'][data-block-id='blockID--71b8'] { --el-width: 19.10714em; --el-width-tablet: 19.10714em; --el-height: 33.14905em; --el-height-tablet: 33.14905em; --el-actual-height: 33.14905em; --el-actual-height-tablet: 33.14905em; --position-top: 26.65179em; --position-top-tablet: 26.65179em; --position-left: 2.45536em; --position-left-tablet: 2.45536em; --rotateDeg: 0deg; --z-index: 1; --border-radius: 0px; --text-vertical-align: flex-start; --text-align: left; --el-height: auto; --el-paddings: 0em 0em; } } \/*ANIMATION START*\/\/*ANIMATION END*\/<\/style><div\n    class=\"flex-block__element flex-block__element--element_id_74448 flex-block__element--image    flex-block__element--block-blockID--71b8   flex-block__element--synced \"\n    style=\"\n  \"><img class=\"flex-img-tag \" alt=\"\" sizes=\"(max-width: 767px) calc(23.526785714286 * 4.2666666666667vw), calc(41.160121372768 * 1.25vw)\" data-srcset=\"https:\/\/set-it-up.com\/wp-content\/uploads\/2023\/01\/IMG_20221229_113141_25010-scaled.jpg 2406w, https:\/\/set-it-up.com\/wp-content\/uploads\/2023\/01\/IMG_20221229_113141_25010-282x300.jpg 282w, https:\/\/set-it-up.com\/wp-content\/uploads\/2023\/01\/IMG_20221229_113141_25010-963x1024.jpg 963w, https:\/\/set-it-up.com\/wp-content\/uploads\/2023\/01\/IMG_20221229_113141_25010-768x817.jpg 768w, https:\/\/set-it-up.com\/wp-content\/uploads\/2023\/01\/IMG_20221229_113141_25010-1444x1536.jpg 1444w, https:\/\/set-it-up.com\/wp-content\/uploads\/2023\/01\/IMG_20221229_113141_25010-1925x2048.jpg 1925w\"  data-src=\"https:\/\/set-it-up.com\/wp-content\/uploads\/2023\/01\/IMG_20221229_113141_25010-scaled.jpg\" \/><\/div>\n    <div class=\"flex-block__element flex-block__element--element_id_71479 flex-block__element--text  flex-block__element--block-blockID--71b8  flex-block__element--editorTagsFix  flex-block__element--synced \" style=\"\">\n      <div data-font='title_1\/large' class=\"flex-block__text-content  height-auto\">\n        <h3><span style=\"color:var(--scheme_2--text--default)\"><span class=\"has-inline-font\" style=\"font-family:TheSeasons-Lt\">Impressum<\/span><\/span><\/h3>\n      <\/div>\n    <\/div>\n  \n    <div class=\"flex-block__element flex-block__element--element_id_67014 flex-block__element--text  flex-block__element--block-blockID--71b8  flex-block__element--editorTagsFix  flex-block__element--synced \" style=\"\">\n      <div data-font='second_level\/paragraph' class=\"flex-block__text-content  height-auto\">\n        <p>INHABERIN: Annett Kynast<\/p><p><strong>Deutschland: <\/strong>Stuvkamp 5, 22081 D- Hamburg<\/p><p><strong>Mallorca: <\/strong>Annett Kynast, StudioTres, Carrer de Ramon Llull 15,  <\/p><p> E- 07570 Arta\/Mallorca<\/p><div class=\"spacer\"><\/div><p><strong>E-Mail: <\/strong><a href=\"mailto:annett@set-it-up.com\" target=\"_self\">annett@set-it-up.com<\/a><\/p><p><strong>Steuernummer:<\/strong> 46\/215\/04113<\/p><div class=\"spacer\"><\/div><p><strong>Copyright:<\/strong><\/p><p>Alle Bilder und Texte dieser Website sind urheberrechtlich gesch\u00fctzt. Jede Bearbeitung, Vervielf\u00e4ltigung, Verbreitung und\/oder \u00f6ffentliche Wiedergabe ohne ausdr\u00fcckliche schriftliche Zustimmung von Annett Kynast stellt einen Versto\u00df gegen das Urheberrecht dar und wird rechtlich verfolgt.<\/p><div class=\"spacer\"><\/div><p><strong>Haftung f\u00fcr externe Links:<\/strong><\/p><p>Trotz sorgf\u00e4ltiger inhaltlicher Kontrolle \u00fcbernehme ich keine Haftung f\u00fcr die Inhalte externer Links. F\u00fcr den Inhalt der verlinkten Seiten sind ausschlie\u00dflich deren Betreiber verantwortlich.<\/p><div class=\"spacer\"><\/div><p><strong>Fotos & Videos:<\/strong><\/p><p>Annett Kynast, Lars Kynast: <a href=\"http:\/\/www.larskynast.de\/\" target=\"\" rel=\"noopener\">www.larskynast.de<\/a><\/p>\n      <\/div>\n    <\/div>\n  <div class=\"flex-group flex-group--grpId_64671 server-rendered\" data-device=\"desktop\" data-groups_and_elements=\"element_id_71479,element_id_67014\" data-all_elements=\" element_id_71479 element_id_67014\" data-play-hover-animations=\"true\" data-play-click-animations=\"true\" data-trigger-links=\"false\" data-clip-content=\"false\" style=\"top: 5.6298em; left: 41.20639em; width: 27.20284em; height: 37.37433em; pointer-events: none;\"><\/div><div class=\"flex-group flex-group--grpId_19180 server-rendered\" data-device=\"mobile\" data-groups_and_elements=\"element_id_71479,element_id_67014\" data-all_elements=\" element_id_71479 element_id_67014\" data-play-hover-animations=\"true\" data-play-click-animations=\"true\" data-trigger-links=\"false\" data-clip-content=\"false\" style=\"top: 20.9107em; left: 2.46008em; width: 19.11295em; height: 38.88823em; pointer-events: none;\"><\/div><\/div><\/div>","protected":false},"excerpt":{"rendered":"","protected":false},"author":1,"featured_media":0,"parent":0,"menu_order":0,"comment_status":"closed","ping_status":"closed","template":"","meta":{"footnotes":""},"class_list":["post-15","page","type-page","status-publish","hentry"],"fbg_featured_image_src":{"full":false,"thumbnail":false,"medium":false,"medium_large":false,"large":false,"1536x1536":false,"2048x2048":false,"trp-custom-language-flag":false},"fbg_excerpt":null,"_links":{"self":[{"href":"https:\/\/set-it-up.com\/es\/wp-json\/wp\/v2\/pages\/15","targetHints":{"allow":["GET"]}}],"collection":[{"href":"https:\/\/set-it-up.com\/es\/wp-json\/wp\/v2\/pages"}],"about":[{"href":"https:\/\/set-it-up.com\/es\/wp-json\/wp\/v2\/types\/page"}],"author":[{"embeddable":true,"href":"https:\/\/set-it-up.com\/es\/wp-json\/wp\/v2\/users\/1"}],"replies":[{"embeddable":true,"href":"https:\/\/set-it-up.com\/es\/wp-json\/wp\/v2\/comments?post=15"}],"version-history":[{"count":12,"href":"https:\/\/set-it-up.com\/es\/wp-json\/wp\/v2\/pages\/15\/revisions"}],"predecessor-version":[{"id":1056,"href":"https:\/\/set-it-up.com\/es\/wp-json\/wp\/v2\/pages\/15\/revisions\/1056"}],"wp:attachment":[{"href":"https:\/\/set-it-up.com\/es\/wp-json\/wp\/v2\/media?parent=15"}],"curies":[{"name":"wp","href":"https:\/\/api.w.org\/{rel}","templated":true}]}}